{"id":8,"date":"2024-10-28T11:42:33","date_gmt":"2024-10-28T10:42:33","guid":{"rendered":"http:\/\/lydialeichtpsy.fr\/?page_id=8"},"modified":"2026-02-13T13:01:27","modified_gmt":"2026-02-13T12:01:27","slug":"presentation","status":"publish","type":"page","link":"https:\/\/lydialeichtpsy.fr\/index.php\/presentation\/","title":{"rendered":"TARIFS"},"content":{"rendered":"\n<figure class=\"wp-block-table is-style-regular has-medium-font-size\"><table class=\"has-background has-border-color\" style=\"background-color:#fff5e9;border-color:#cf8b617a;border-width:2px\"><thead><tr><th><br>D\u00e9signation<\/th><th>Dur\u00e9e<\/th><th>Tarif<\/th><\/tr><\/thead><tbody><tr><td>Consultation enfant<\/td><td>Variable en fonction de l&#8217;\u00e2ge de l&#8217;enfant.<\/td><td>80 euros<\/td><\/tr><tr><td>Consultation ados &amp; adultes<br>(en visio \u00e9galement)<\/td><td>50 minutes.<\/td><td>80 euros<\/td><\/tr><tr><td>S\u00e9ance th\u00e9rapie LI-ICV<br>(en visio \u00e9galement)<\/td><td>Variable en fonction des protocoles.<\/td><td>80 euros<\/td><\/tr><tr><td>Supervision individuelle<br>(en visio \u00e9galement)<\/td><td>50 minutes.<\/td><td>70 euros<\/td><\/tr><tr><td>Bilan de VINELAND-II<br>(\u00e9chelle des comportements adaptatifs)<\/td><td>1h30 + cotation; interpr\u00e9tation et r\u00e9daction du compte rendu.<\/td><td>160 euros<\/td><\/tr><tr><td>Bilan intellectuel <br>(WISC-V et WAIS-IV)<\/td><td>Entre 5 et 6h<\/td><td>480 euros<br>Devis<\/td><\/tr><\/tbody><\/table><\/figure>\n\n\n\n<p>Je n\u2019adh\u00e8re pas au dispositif &#8220;Mon Soutien Psy&#8221; pour plusieurs raisons, et les s\u00e9ances ne sont donc pas rembours\u00e9es par l\u2019Assurance Maladie. Certaines mutuelles, elles, sont susceptibles de rembourser la totalit\u00e9 ou une partie. Je vous invite \u00e0 questionner votre mutuelle \u00e0 ce sujet.<\/p>\n\n\n\n<p>Il n&#8217;est pas fait pour la psychoth\u00e9rapie. En effet, 12 s\u00e9ances ne suffisent pas \u00e0 prendre en charge convenablement la majorit\u00e9 des probl\u00e9matiques rencontr\u00e9es par les patients. Le dispositif ne prend pas en compte toutes les r\u00e9alit\u00e9s psychiques, toute les souffrances, et l\u2019histoire des patients.<\/p>\n\n\n\n<p>Les crit\u00e8res d\u2019exclusion du dispositif ne permettent pas de prendre en charge tout les patients puisque par exemple, les enfants de moins de 3 ans en sont automatiquement exclus. \u00c9galement, les patients pr\u00e9sentant des \u201ctroubles complexes\u201d, qui ont &#8220;pris des antid\u00e9presseurs ou des anxiolytiques&#8221;, la &#8220;d\u00e9pendance \u00e0 des substances addictives&#8221; ou encore des personnes souffrant de &#8220;troubles s\u00e9v\u00e8res de l\u2019alimentation&#8221; sont dans l\u2019incapacit\u00e9 de b\u00e9n\u00e9ficier de ce dispositif.<\/p>\n","protected":false},"excerpt":{"rendered":"<p>D\u00e9signation Dur\u00e9e Tarif Consultation enfant Variable en fonction de l&#8217;\u00e2ge de l&#8217;enfant. 80 euros Consultation ados &amp; adultes(en visio \u00e9galement) 50 minutes. 80 euros S\u00e9ance th\u00e9rapie LI-ICV(en visio \u00e9galement) Variable en fonction des protocoles. 80 euros Supervision individuelle(en visio \u00e9galement) 50 minutes. 70 euros Bilan de VINELAND-II(\u00e9chelle des comportements adaptatifs) 1h30 + cotation; interpr\u00e9tation et [&hellip;]<\/p>\n","protected":false},"author":1,"featured_media":0,"parent":0,"menu_order":0,"comment_status":"closed","ping_status":"closed","template":"","meta":{"footnotes":""},"class_list":["post-8","page","type-page","status-publish","hentry"],"_links":{"self":[{"href":"https:\/\/lydialeichtpsy.fr\/index.php\/wp-json\/wp\/v2\/pages\/8","targetHints":{"allow":["GET"]}}],"collection":[{"href":"https:\/\/lydialeichtpsy.fr\/index.php\/wp-json\/wp\/v2\/pages"}],"about":[{"href":"https:\/\/lydialeichtpsy.fr\/index.php\/wp-json\/wp\/v2\/types\/page"}],"author":[{"embeddable":true,"href":"https:\/\/lydialeichtpsy.fr\/index.php\/wp-json\/wp\/v2\/users\/1"}],"replies":[{"embeddable":true,"href":"https:\/\/lydialeichtpsy.fr\/index.php\/wp-json\/wp\/v2\/comments?post=8"}],"version-history":[{"count":16,"href":"https:\/\/lydialeichtpsy.fr\/index.php\/wp-json\/wp\/v2\/pages\/8\/revisions"}],"predecessor-version":[{"id":221,"href":"https:\/\/lydialeichtpsy.fr\/index.php\/wp-json\/wp\/v2\/pages\/8\/revisions\/221"}],"wp:attachment":[{"href":"https:\/\/lydialeichtpsy.fr\/index.php\/wp-json\/wp\/v2\/media?parent=8"}],"curies":[{"name":"wp","href":"https:\/\/api.w.org\/{rel}","templated":true}]}}