{"id":71,"date":"2025-07-04T09:40:44","date_gmt":"2025-07-04T07:40:44","guid":{"rendered":"https:\/\/lydialeichtpsy.fr\/?page_id=71"},"modified":"2025-07-04T09:46:19","modified_gmt":"2025-07-04T07:46:19","slug":"prise-en-charge-des-traumatismes-perinatales","status":"publish","type":"page","link":"https:\/\/lydialeichtpsy.fr\/index.php\/prise-en-charge-des-traumatismes-perinatales\/","title":{"rendered":"Prise en charge des traumatismes p\u00e9rinatales"},"content":{"rendered":"\n<p>Au sein du cabinet Foch, nous sommes trois psychoth\u00e9rapeutes sp\u00e9cialis\u00e9es dans la prise en charge du psychotraumatisme et des troubles de l&#8217;attachement, form\u00e9es \u00e0 la th\u00e9rapie LI-ICV (Int\u00e9gration du Cycle de la vie).<\/p>\n\n\n\n<p>Notre pratique nous am\u00e8ne fr\u00e9quemment \u00e0 rencontrer des enfants, des adolescents et des adultes pr\u00e9sentant des troubles de l&#8217;attachement. Nous constatons souvent que des \u00e9v\u00e8nements traumatiques survenus durant la p\u00e9riode p\u00e9rinatale (fausse couche, IVG, IMG, grossesse \u00e0 risque, deuil, accouchement traumatique, naissance difficile avec ou sans r\u00e9animation, pr\u00e9maturit\u00e9,&#8230;) sont \u00e0 l&#8217;origine de ces troubles. Un accompagnement psychoth\u00e9rapeutique sp\u00e9cialis\u00e9 peut permettre de pr\u00e9venir l&#8217;installation d&#8217;un trouble de stress post-traumatique (TSPT) et ainsi \u00e9viter ou limiter les troubles de l&#8217;attachement. <\/p>\n\n\n\n<p>Le trouble de stress post traumatique (TSPT) est une r\u00e9action psychologique qui survient apr\u00e8s avoir v\u00e9cu ou \u00e9t\u00e9 t\u00e9moin d&#8217;un \u00e9v\u00e8nement traumatisant, comme un accident, une agression, ou un drame. Les personnes touch\u00e9es peuvent revivre cet \u00e9v\u00e8nement sous forme de flashbacks ou de cauchemars, ressentir une forte anxi\u00e9t\u00e9, \u00e9viter tout ce qui leur rappelle le traumatisme et \u00eatre constamment sur le qui-vive. Ce trouble peut affecter leur bien-\u00eatre et leur vie quotidienne si non pris en charge.<\/p>\n\n\n\n<p>Les troubles de l&#8217;attachement surviennent lorsque les liens affectifs entre un enfant et ses parents ou ses proches ne se d\u00e9veloppement pas correctement. Cela peut \u00eatre d\u00fb \u00e0 un manque d&#8217;attention, de soins, ou \u00e0 des exp\u00e9riences traumatisantes dans la petite enfance. Les enfants avec des troubles de l&#8217;attachement peuvent avoir du mal \u00e0 faire confiance aux autres, \u00e0 exprimer leurs \u00e9motions ou \u00e0 cr\u00e9er des relations saines. Ces difficult\u00e9s peuvent persister \u00e0 l&#8217;\u00e2ge adulte si elles ne sont pas trait\u00e9es.<\/p>\n\n\n\n<p>Les \u00e9tudes montrent (entre autres Adewuya, Ologun &amp; Ibigbami, 2006) que les facteurs obst\u00e9tricaux et les accouchements &#8220;compliqu\u00e9s&#8221; sont les indicateurs les plus significatifs de l&#8217;apparition d&#8217;un TSPT en post-partum.<\/p>\n\n\n\n<p>Nos pr\u00e9occupations en tant que sp\u00e9cialistes du soin psychique, nos champs d&#8217;action dans ce type de situations sp\u00e9cifiques sont les suivants:<\/p>\n\n\n\n<ul class=\"wp-block-list\">\n<li>Soin de la m\u00e8re souffrant d&#8217;un TSPT.<\/li>\n\n\n\n<li>Pr\u00e9vention des troubles du lien m\u00e8re-b\u00e9b\u00e9 pouvant d\u00e9couler de ce TSPT.<\/li>\n\n\n\n<li>Pr\u00e9vention de la souffrance psychique du b\u00e9b\u00e9 qui pourrait \u00eatre la cons\u00e9quence des deux points pr\u00e9c\u00e9dents.<\/li>\n<\/ul>\n\n\n\n<p>Pour vous aider \u00e0 \u00e9valuer ces situations, un test est disponible : IES-R version fran\u00e7aise. Aucun score seuil ne permet d&#8217;\u00e9tablir un diagnostic. Cependant, dans la litt\u00e9rature, les auteurs consid\u00e8rent qu&#8217;un score total de 22 points est un indice de sympt\u00f4mes significatifs d&#8217;\u00e9tat de stress aigu et un score de 36 d&#8217;\u00e9tat de stress post-traumatique (Jehel &amp; Vermeiren, 2001).<\/p>\n\n\n\n<p>Si vous constatez que les femmes que vous accompagnez semblent souffrir d&#8217;un TSPT ou d&#8217;une d\u00e9pression post-partum, n&#8217;h\u00e9sitez pas \u00e0 les orienter vers un sp\u00e9cialiste du soin psychique, form\u00e9 en troubles de l&#8217;attachement et en psychotrauma.<\/p>\n\n\n\n<p>Nous proposons une prise en charge en LI-ICV pour les femmes pr\u00e9sentant ces situations : IMG, fausse couche, deuil, accouchement traumatique, naissances complexes (pr\u00e9matur\u00e9, r\u00e9animation,&#8230;). Cette prise en charge peut \u00eatre rapide, parfois 1 \u00e0 3 s\u00e9ances suffisent. Cette approche est compl\u00e9mentaire d&#8217;une th\u00e9rapie m\u00e8re-b\u00e9b\u00e9 ax\u00e9e sur le soutien du lien et des capacit\u00e9s maternelles, ainsi que de consultations familiales incluant le co-parent.<\/p>\n\n\n\n<hr class=\"wp-block-separator has-alpha-channel-opacity\"\/>\n\n\n\n<p class=\"has-text-align-center\">CABINET FOCH &#8211; 56, Avenue Foch, 54000 NANCY<\/p>\n\n\n\n<div class=\"wp-block-group is-layout-constrained wp-block-group-is-layout-constrained\">\n<p class=\"has-text-align-center\"><strong>Lydia LEICHT<\/strong> &#8211; 07\/44\/97\/68\/17<\/p>\n\n\n\n<p class=\"has-text-align-center\">lydialeichtpsy@gmail.com<\/p>\n\n\n\n<p><\/p>\n\n\n\n<p class=\"has-text-align-center\"><strong>C\u00e9line PARISOT<\/strong> &#8211; 07\/67\/08\/50\/00<\/p>\n\n\n\n<p class=\"has-text-align-center\">contact@psychologue-celineparisot.fr<\/p>\n\n\n\n<p class=\"has-text-align-center\">www.psychologue-celineparisot.fr<\/p>\n\n\n\n<p><\/p>\n<\/div>\n\n\n\n<p class=\"has-text-align-center\"><strong>Jenny ROCH<\/strong> &#8211; 06\/75\/43\/71\/67<\/p>\n\n\n\n<p class=\"has-text-align-center\">roch.jenny@yahoo.fr<\/p>\n\n\n\n<div data-wp-interactive=\"core\/file\" class=\"wp-block-file\"><object data-wp-bind--hidden=\"!state.hasPdfPreview\" hidden class=\"wp-block-file__embed\" data=\"https:\/\/lydialeichtpsy.fr\/wp-content\/uploads\/2025\/07\/IES-R_VF.pdf\" type=\"application\/pdf\" style=\"width:100%;height:600px\" aria-label=\"Embed of IES-R_VF.\"><\/object><a id=\"wp-block-file--media-c27de3cd-af58-42d8-b5bd-9dd4b120f2a7\" href=\"https:\/\/lydialeichtpsy.fr\/wp-content\/uploads\/2025\/07\/IES-R_VF.pdf\">IES-R_VF<\/a><a href=\"https:\/\/lydialeichtpsy.fr\/wp-content\/uploads\/2025\/07\/IES-R_VF.pdf\" class=\"wp-block-file__button wp-element-button\" download aria-describedby=\"wp-block-file--media-c27de3cd-af58-42d8-b5bd-9dd4b120f2a7\">T\u00e9l\u00e9charger<\/a><\/div>\n\n\n\n<p class=\"has-text-align-center\"><\/p>\n\n\n\n<div class=\"wp-block-group is-layout-constrained wp-block-group-is-layout-constrained\">\n<p><\/p>\n\n\n\n<p><\/p>\n<\/div>\n","protected":false},"excerpt":{"rendered":"<p>Au sein du cabinet Foch, nous sommes trois psychoth\u00e9rapeutes sp\u00e9cialis\u00e9es dans la prise en charge du psychotraumatisme et des troubles de l&#8217;attachement, form\u00e9es \u00e0 la th\u00e9rapie LI-ICV (Int\u00e9gration du Cycle de la vie). Notre pratique nous am\u00e8ne fr\u00e9quemment \u00e0 rencontrer des enfants, des adolescents et des adultes pr\u00e9sentant des troubles de l&#8217;attachement. Nous constatons souvent [&hellip;]<\/p>\n","protected":false},"author":1,"featured_media":0,"parent":0,"menu_order":0,"comment_status":"closed","ping_status":"closed","template":"","meta":{"footnotes":""},"class_list":["post-71","page","type-page","status-publish","hentry"],"_links":{"self":[{"href":"https:\/\/lydialeichtpsy.fr\/index.php\/wp-json\/wp\/v2\/pages\/71","targetHints":{"allow":["GET"]}}],"collection":[{"href":"https:\/\/lydialeichtpsy.fr\/index.php\/wp-json\/wp\/v2\/pages"}],"about":[{"href":"https:\/\/lydialeichtpsy.fr\/index.php\/wp-json\/wp\/v2\/types\/page"}],"author":[{"embeddable":true,"href":"https:\/\/lydialeichtpsy.fr\/index.php\/wp-json\/wp\/v2\/users\/1"}],"replies":[{"embeddable":true,"href":"https:\/\/lydialeichtpsy.fr\/index.php\/wp-json\/wp\/v2\/comments?post=71"}],"version-history":[{"count":1,"href":"https:\/\/lydialeichtpsy.fr\/index.php\/wp-json\/wp\/v2\/pages\/71\/revisions"}],"predecessor-version":[{"id":73,"href":"https:\/\/lydialeichtpsy.fr\/index.php\/wp-json\/wp\/v2\/pages\/71\/revisions\/73"}],"wp:attachment":[{"href":"https:\/\/lydialeichtpsy.fr\/index.php\/wp-json\/wp\/v2\/media?parent=71"}],"curies":[{"name":"wp","href":"https:\/\/api.w.org\/{rel}","templated":true}]}}