{"id":31,"date":"2025-10-17T12:49:16","date_gmt":"2025-10-17T10:49:16","guid":{"rendered":"https:\/\/lydialeichtpsy.fr\/?page_id=31"},"modified":"2026-02-13T13:06:19","modified_gmt":"2026-02-13T12:06:19","slug":"a-propos","status":"publish","type":"page","link":"https:\/\/lydialeichtpsy.fr\/index.php\/a-propos\/","title":{"rendered":"Pourquoi consulter un psychologue ?"},"content":{"rendered":"\n<div class=\"wp-block-group is-layout-constrained wp-container-core-group-is-layout-12243e0f wp-block-group-is-layout-constrained\">\n<div class=\"wp-block-group is-layout-constrained wp-block-group-is-layout-constrained\">\n<p class=\"has-text-align-center has-medium-font-size\">Vous faites face \u00e0 des difficult\u00e9s, une souffrance que vous ne parvenez pas \u00e0 comprendre et vous avez besoin d&#8217;\u00eatre soutenu et en recherche d&#8217;un apaisement, le psychologue-psychoth\u00e9rapeute peut vous aider \u00e0 construire les conditions vers un mieux-\u00eatre.<\/p>\n\n\n\n<p class=\"has-text-align-center has-medium-font-size\">Je suis titulaire d&#8217;une Licence de psychologie et d&#8217;un Master mention &#8220;<strong>Master Psychologie l\u00e9gale, clinique et sociale,\u00a0de la mention\u00a0Psychologie Clinique, Psychopathologie, Psychologie de la Sant\u00e9<\/strong>&#8221; obtenu en 2017.<\/p>\n\n\n\n<p class=\"has-text-align-center has-medium-font-size\"><br>J&#8217;ai d\u00e9but\u00e9 ma pratique de psychologue aupr\u00e8s d&#8217;adultes polyhandicap\u00e9s en Maison d&#8217;Accueil Sp\u00e9cialis\u00e9e puis en protection de l&#8217;enfance (Maison Educative \u00e0 Caract\u00e8re Social\/Maison D&#8217;Enfance\/Dispositif d&#8217;Accueil pour Mineurs Isol\u00e9s non Accompagn\u00e9s). <\/p>\n\n\n\n<p class=\"has-text-align-center has-medium-font-size\">Ma pratique s&#8217;est donc orient\u00e9e vers une population d&#8217;enfants, d&#8217;adolescents et de jeunes adultes.<\/p>\n\n\n\n<p class=\"has-text-align-center has-medium-font-size\"><br>Mes interventions et mon travail aupr\u00e8s de ce public, puis par la suite, une exp\u00e9rience nouvelle aupr\u00e8s d&#8217;adultes en situation de handicap (Foyer Accueil Sp\u00e9cialis\u00e9\/Foyer Accueil M\u00e9dicalis\u00e9), ont orient\u00e9 ma pratique et m&#8217;ont amen\u00e9 \u00e0 vouloir d\u00e9buter ma formation en th\u00e9rapie LI-ICV.<\/p>\n\n\n\n<p class=\"has-text-align-center has-medium-font-size\"><br>Je poursuis mes formations de psychoth\u00e9rapeute, et je suis supervis\u00e9e, ce qui me permet de proposer des suivis de qualit\u00e9. Mes dipl\u00f4mes, mes stages, et ma pratique me permettent d&#8217;utiliser le titre de <strong>Psychoth\u00e9rapeute.<\/strong><\/p>\n<\/div>\n<\/div>\n\n\n\n<p><\/p>\n","protected":false},"excerpt":{"rendered":"<p>Vous faites face \u00e0 des difficult\u00e9s, une souffrance que vous ne parvenez pas \u00e0 comprendre et vous avez besoin d&#8217;\u00eatre soutenu et en recherche d&#8217;un apaisement, le psychologue-psychoth\u00e9rapeute peut vous aider \u00e0 construire les conditions vers un mieux-\u00eatre. Je suis titulaire d&#8217;une Licence de psychologie et d&#8217;un Master mention &#8220;Master Psychologie l\u00e9gale, clinique et sociale,\u00a0de [&hellip;]<\/p>\n","protected":false},"author":1,"featured_media":0,"parent":0,"menu_order":0,"comment_status":"closed","ping_status":"closed","template":"","meta":{"footnotes":""},"class_list":["post-31","page","type-page","status-publish","hentry"],"_links":{"self":[{"href":"https:\/\/lydialeichtpsy.fr\/index.php\/wp-json\/wp\/v2\/pages\/31","targetHints":{"allow":["GET"]}}],"collection":[{"href":"https:\/\/lydialeichtpsy.fr\/index.php\/wp-json\/wp\/v2\/pages"}],"about":[{"href":"https:\/\/lydialeichtpsy.fr\/index.php\/wp-json\/wp\/v2\/types\/page"}],"author":[{"embeddable":true,"href":"https:\/\/lydialeichtpsy.fr\/index.php\/wp-json\/wp\/v2\/users\/1"}],"replies":[{"embeddable":true,"href":"https:\/\/lydialeichtpsy.fr\/index.php\/wp-json\/wp\/v2\/comments?post=31"}],"version-history":[{"count":17,"href":"https:\/\/lydialeichtpsy.fr\/index.php\/wp-json\/wp\/v2\/pages\/31\/revisions"}],"predecessor-version":[{"id":225,"href":"https:\/\/lydialeichtpsy.fr\/index.php\/wp-json\/wp\/v2\/pages\/31\/revisions\/225"}],"wp:attachment":[{"href":"https:\/\/lydialeichtpsy.fr\/index.php\/wp-json\/wp\/v2\/media?parent=31"}],"curies":[{"name":"wp","href":"https:\/\/api.w.org\/{rel}","templated":true}]}}