{"id":213,"date":"2026-02-13T12:49:17","date_gmt":"2026-02-13T11:49:17","guid":{"rendered":"https:\/\/lydialeichtpsy.fr\/?page_id=213"},"modified":"2026-02-13T12:49:17","modified_gmt":"2026-02-13T11:49:17","slug":"la-therapie-li-icv-integration-des-cycles-de-la-vie","status":"publish","type":"page","link":"https:\/\/lydialeichtpsy.fr\/index.php\/la-therapie-li-icv-integration-des-cycles-de-la-vie\/","title":{"rendered":"La Th\u00e9rapie LI-ICV (Int\u00e9gration des cycles de la vie)."},"content":{"rendered":"\n<p>La th\u00e9rapie LI-ICV a deux axes principaux de travail:<\/p>\n\n\n\n<ul class=\"wp-block-list\">\n<li>permettre l&#8217;int\u00e9gration d&#8217;un \u00e9v\u00e8nement traumatique unique, comme par exemple un accident, un d\u00e9c\u00e8s, une maladie,&#8230;<\/li>\n<\/ul>\n\n\n\n<ul class=\"wp-block-list\">\n<li>et un autre axe de travail, plus approfondi, permettant \u00e0 la personne d&#8217;int\u00e9grer l&#8217;ensemble de son histoire et ainsi ressentir une s\u00e9curit\u00e9 interne. <\/li>\n<\/ul>\n\n\n\n<p>Cette approche th\u00e9rapeutique permet de relier les diff\u00e9rentes parties de Soi en un tout, coh\u00e9rent, s\u00e9cure et apais\u00e9. Nous avons 3 piliers en ICV :<\/p>\n\n\n\n<ul class=\"wp-block-list\">\n<li>La ligne du temps<\/li>\n\n\n\n<li>L&#8217;accordage<\/li>\n\n\n\n<li>La r\u00e9p\u00e9tition de la ligne du temps<\/li>\n<\/ul>\n\n\n\n<p>Voici une m\u00e9taphore pour mieux s&#8217;approprier l&#8217;approche LI-ICV: imaginez votre vie comme un collier de perles. Chaque perle repr\u00e9sente un souvenir, une exp\u00e9rience de votre vie. Toutes les perles du collier sont enfil\u00e9es dans l&#8217;ordre chronologique sur un fil solide (votre cerveau sait que les \u00e9v\u00e8nements appartiennent au pass\u00e9).<\/p>\n\n\n\n<p>Lorsqu&#8217;un traumatisme survient, c&#8217;est comme si une perle tombait du collier. A chaque fois que quelque chose touche cette perle tomb\u00e9e, votre corps r\u00e9agit comme si l&#8217;\u00e9v\u00e8nement traumatique \u00e9tait encore en train de se reproduire, puisque la perle n&#8217;est plus reli\u00e9 au fil du temps.<\/p>\n\n\n\n<p>La th\u00e9rapie LI-ICV consiste \u00e0 enfiler de nouveau cette perle sur le fil, au bon endroit dans l&#8217;histoire de votre vie. On ne supprime pas la perle, on ne l&#8217;efface pas, on l&#8217;aide \u00e0 retrouver sa place dans la continuit\u00e9 du fil du temps.<\/p>\n\n\n\n<p class=\"has-text-align-center\"><img loading=\"lazy\" decoding=\"async\" width=\"500\" height=\"333\" class=\"wp-image-214\" style=\"width: 500px;\" src=\"https:\/\/lydialeichtpsy.fr\/wp-content\/uploads\/2026\/02\/ChatGPT-Image-13-fevr.-2026-12_40_18.png\" alt=\"\" srcset=\"https:\/\/lydialeichtpsy.fr\/wp-content\/uploads\/2026\/02\/ChatGPT-Image-13-fevr.-2026-12_40_18.png 1536w, https:\/\/lydialeichtpsy.fr\/wp-content\/uploads\/2026\/02\/ChatGPT-Image-13-fevr.-2026-12_40_18-300x200.png 300w, https:\/\/lydialeichtpsy.fr\/wp-content\/uploads\/2026\/02\/ChatGPT-Image-13-fevr.-2026-12_40_18-1024x683.png 1024w, https:\/\/lydialeichtpsy.fr\/wp-content\/uploads\/2026\/02\/ChatGPT-Image-13-fevr.-2026-12_40_18-768x512.png 768w\" sizes=\"auto, (max-width: 500px) 100vw, 500px\" \/><\/p>\n","protected":false},"excerpt":{"rendered":"<p>La th\u00e9rapie LI-ICV a deux axes principaux de travail: Cette approche th\u00e9rapeutique permet de relier les diff\u00e9rentes parties de Soi en un tout, coh\u00e9rent, s\u00e9cure et apais\u00e9. Nous avons 3 piliers en ICV : Voici une m\u00e9taphore pour mieux s&#8217;approprier l&#8217;approche LI-ICV: imaginez votre vie comme un collier de perles. Chaque perle repr\u00e9sente un souvenir, [&hellip;]<\/p>\n","protected":false},"author":1,"featured_media":0,"parent":0,"menu_order":0,"comment_status":"closed","ping_status":"closed","template":"","meta":{"footnotes":""},"class_list":["post-213","page","type-page","status-publish","hentry"],"_links":{"self":[{"href":"https:\/\/lydialeichtpsy.fr\/index.php\/wp-json\/wp\/v2\/pages\/213","targetHints":{"allow":["GET"]}}],"collection":[{"href":"https:\/\/lydialeichtpsy.fr\/index.php\/wp-json\/wp\/v2\/pages"}],"about":[{"href":"https:\/\/lydialeichtpsy.fr\/index.php\/wp-json\/wp\/v2\/types\/page"}],"author":[{"embeddable":true,"href":"https:\/\/lydialeichtpsy.fr\/index.php\/wp-json\/wp\/v2\/users\/1"}],"replies":[{"embeddable":true,"href":"https:\/\/lydialeichtpsy.fr\/index.php\/wp-json\/wp\/v2\/comments?post=213"}],"version-history":[{"count":1,"href":"https:\/\/lydialeichtpsy.fr\/index.php\/wp-json\/wp\/v2\/pages\/213\/revisions"}],"predecessor-version":[{"id":215,"href":"https:\/\/lydialeichtpsy.fr\/index.php\/wp-json\/wp\/v2\/pages\/213\/revisions\/215"}],"wp:attachment":[{"href":"https:\/\/lydialeichtpsy.fr\/index.php\/wp-json\/wp\/v2\/media?parent=213"}],"curies":[{"name":"wp","href":"https:\/\/api.w.org\/{rel}","templated":true}]}}